{"id":26979,"date":"2025-11-23T21:21:31","date_gmt":"2025-11-23T21:21:31","guid":{"rendered":"https:\/\/aprenly.com\/?page_id=26979"},"modified":"2025-12-03T20:26:39","modified_gmt":"2025-12-03T20:26:39","slug":"registro","status":"publish","type":"page","link":"https:\/\/aprenly.com\/es\/registro\/","title":{"rendered":"Registro de Usuarios"},"content":{"rendered":"<div data-elementor-type=\"wp-page\" data-elementor-id=\"26979\" class=\"elementor elementor-26979\" data-elementor-post-type=\"page\">\n\t\t\t\t<div data-particle_enable=\"false\" data-particle-mobile-disabled=\"false\" class=\"elementor-element elementor-element-c7bae53 e-flex e-con-boxed e-con e-parent\" data-id=\"c7bae53\" data-element_type=\"container\" data-settings=\"{&quot;background_background&quot;:&quot;gradient&quot;}\">\n\t\t\t\t\t<div class=\"e-con-inner\">\n\t\t\t\t<div class=\"elementor-element elementor-element-c0844ec elementor-widget elementor-widget-heading\" data-id=\"c0844ec\" data-element_type=\"widget\" data-widget_type=\"heading.default\">\n\t\t\t\t\t<h2 class=\"elementor-heading-title elementor-size-default\">\u00a1Tu mentor\u00eda te est\u00e1 esperando!<\/h2>\t\t\t\t<\/div>\n\t\t\t\t<div class=\"elementor-element elementor-element-23354d1 mi-login-moderno elementor-button-align-stretch elementor-widget elementor-widget-form\" data-id=\"23354d1\" data-element_type=\"widget\" data-settings=\"{&quot;step_next_label&quot;:&quot;Next&quot;,&quot;step_previous_label&quot;:&quot;Previous&quot;,&quot;button_width&quot;:&quot;100&quot;,&quot;step_type&quot;:&quot;number_text&quot;,&quot;step_icon_shape&quot;:&quot;circle&quot;}\" data-widget_type=\"form.default\">\n\t\t\t\t\t\t\t<form class=\"elementor-form\" method=\"post\" id=\"nuevo_registro\" name=\"New Form\" aria-label=\"New Form\" novalidate=\"\" action=\"\">\n\t\t\t<input type=\"hidden\" name=\"post_id\" value=\"26979\"\/>\n\t\t\t<input type=\"hidden\" name=\"form_id\" value=\"23354d1\"\/>\n\t\t\t<input type=\"hidden\" name=\"referer_title\" value=\"\" \/>\n\n\t\t\t\n\t\t\t<div class=\"elementor-form-fields-wrapper elementor-labels-above\">\n\t\t\t\t\t\t\t\t<div class=\"elementor-field-type-text elementor-field-group elementor-column elementor-field-group-user_name elementor-col-100 elementor-field-required\">\n\t\t\t\t\t\t\t\t\t\t\t\t<label for=\"form-field-user_name\" class=\"elementor-field-label\">\n\t\t\t\t\t\t\t\tNombre\t\t\t\t\t\t\t<\/label>\n\t\t\t\t\t\t\t\t\t\t\t\t\t\t<input size=\"1\" type=\"text\" name=\"form_fields[user_name]\" id=\"form-field-user_name\" class=\"elementor-field elementor-size-sm  elementor-field-textual\" placeholder=\"Escribe tu nombre\" required=\"required\">\n\t\t\t\t\t\t\t\t\t\t\t<\/div>\n\t\t\t\t\t\t\t\t<div class=\"elementor-field-type-text elementor-field-group elementor-column elementor-field-group-user_lastname elementor-col-100 elementor-field-required\">\n\t\t\t\t\t\t\t\t\t\t\t\t<label for=\"form-field-user_lastname\" class=\"elementor-field-label\">\n\t\t\t\t\t\t\t\tApellido\t\t\t\t\t\t\t<\/label>\n\t\t\t\t\t\t\t\t\t\t\t\t\t\t<input size=\"1\" type=\"text\" name=\"form_fields[user_lastname]\" id=\"form-field-user_lastname\" class=\"elementor-field elementor-size-sm  elementor-field-textual\" placeholder=\"Escribe tu apellido\" required=\"required\">\n\t\t\t\t\t\t\t\t\t\t\t<\/div>\n\t\t\t\t\t\t\t\t<div class=\"elementor-field-type-email elementor-field-group elementor-column elementor-field-group-user_email elementor-col-100 elementor-field-required\">\n\t\t\t\t\t\t\t\t\t\t\t\t<label for=\"form-field-user_email\" class=\"elementor-field-label\">\n\t\t\t\t\t\t\t\tCorreo electr\u00f3nico\t\t\t\t\t\t\t<\/label>\n\t\t\t\t\t\t\t\t\t\t\t\t\t\t<input size=\"1\" type=\"email\" name=\"form_fields[user_email]\" id=\"form-field-user_email\" class=\"elementor-field elementor-size-sm  elementor-field-textual\" placeholder=\"Escribe tu correo\" required=\"required\">\n\t\t\t\t\t\t\t\t\t\t\t<\/div>\n\t\t\t\t\t\t\t\t<div class=\"elementor-field-type-password elementor-field-group elementor-column elementor-field-group-user_pass elementor-col-100 elementor-field-required\">\n\t\t\t\t\t\t\t\t\t\t\t\t<label for=\"form-field-user_pass\" class=\"elementor-field-label\">\n\t\t\t\t\t\t\t\tContrase\u00f1a\t\t\t\t\t\t\t<\/label>\n\t\t\t\t\t\t\t\t\t\t\t\t\t\t<input size=\"1\" type=\"password\" name=\"form_fields[user_pass]\" id=\"form-field-user_pass\" class=\"elementor-field elementor-size-sm  elementor-field-textual\" placeholder=\"Escribe tu contrase\u00f1a\" required=\"required\">\n\t\t\t\t\t\t\t\t\t\t\t<\/div>\n\t\t\t\t\t\t\t\t<div class=\"elementor-field-type-acceptance elementor-field-group elementor-column elementor-field-group-field_39e9ff4 elementor-col-100 elementor-field-required\">\n\t\t\t\t\t\t\t<div class=\"elementor-field-subgroup\">\n\t\t\t<span class=\"elementor-field-option\">\n\t\t\t\t<input type=\"checkbox\" name=\"form_fields[field_39e9ff4]\" id=\"form-field-field_39e9ff4\" class=\"elementor-field elementor-size-sm  elementor-acceptance-field\" required=\"required\">\n\t\t\t\t<label for=\"form-field-field_39e9ff4\">He le\u00eddo y acepto los <a href=\"https:\/\/aprenly.com\/es\/terminos-y-condiciones\/\" target=\"_blank\">T\u00e9rminos y Condiciones<\/a>.<\/label>\t\t\t<\/span>\n\t\t<\/div>\n\t\t\t\t\t\t<\/div>\n\t\t\t\t\t\t\t\t<div class=\"elementor-field-type-hidden elementor-field-group elementor-column elementor-field-group-plan_seleccionado elementor-col-100\">\n\t\t\t\t\t\t\t\t\t\t\t\t\t<input size=\"1\" type=\"hidden\" name=\"form_fields[plan_seleccionado]\" id=\"form-field-plan_seleccionado\" class=\"elementor-field elementor-size-sm  elementor-field-textual\">\n\t\t\t\t\t\t\t\t\t\t\t<\/div>\n\t\t\t\t\t\t\t\t<div class=\"elementor-field-group elementor-column elementor-field-type-submit elementor-col-100 e-form__buttons\">\n\t\t\t\t\t<button class=\"elementor-button elementor-size-sm\" type=\"submit\">\n\t\t\t\t\t\t<span class=\"elementor-button-content-wrapper\">\n\t\t\t\t\t\t\t\t\t\t\t\t\t\t\t\t\t\t\t\t\t\t<span class=\"elementor-button-text\">reg\u00edstrate<\/span>\n\t\t\t\t\t\t\t\t\t\t\t\t\t<\/span>\n\t\t\t\t\t<\/button>\n\t\t\t\t<\/div>\n\t\t\t<\/div>\n\t\t<input type=\"hidden\" name=\"trp-form-language\" value=\"es\"\/><\/form>\n\t\t\t\t\t\t<\/div>\n\t\t\t\t<div class=\"elementor-element elementor-element-56032d5 elementor-widget elementor-widget-html\" data-id=\"56032d5\" data-element_type=\"widget\" data-widget_type=\"html.default\">\n\t\t\t\t\t<div id=\"aprenly-google-source\" style=\"display:none;\">\r\n    \r\n    <div id=\"aprenly-google-injector\" style=\"width: 100%; margin-top: 20px; margin-bottom: 0px;\">\r\n        \r\n        <style>\r\n            \/* 1. Centrar el contenedor del bot\u00f3n *\/\r\n            #aprenly-google-injector .nsl-container {\r\n                display: flex !important;\r\n                justify-content: center !important; \r\n                align-items: center !important;\r\n                width: 100% !important;\r\n                margin: 0 auto !important;\r\n                padding: 0 !important;\r\n            }\r\n            \r\n            \/* 2. Estilo del Bot\u00f3n (Ancho 320px) *\/\r\n            #aprenly-google-injector .nsl-container .nsl-button {\r\n                width: auto !important; \r\n                min-width: 320px !important; \r\n                max-width: 100% !important; \r\n                display: flex !important;\r\n                justify-content: center !important;\r\n                align-items: center !important;\r\n                text-transform: none !important;\r\n                font-weight: 600 !important;\r\n                border-radius: 5px !important;\r\n                padding: 12px 25px !important;\r\n                box-shadow: 0 2px 5px rgba(0,0,0,0.2) !important;\r\n                white-space: nowrap !important;\r\n            }\r\n            \r\n            \/* 3. Ajuste del texto interno *\/\r\n            #aprenly-google-injector .nsl-button-label-container {\r\n                flex: 0 1 auto !important;\r\n                white-space: nowrap !important;\r\n                padding-left: 12px !important;\r\n                overflow: visible !important;\r\n            }\r\n        <\/style>\r\n\r\n        <div style=\"display: flex; align-items: center; justify-content: center; margin-bottom: 15px; opacity: 0.8;\">\r\n            <span style=\"height: 1px; background: #ffffff; flex-grow: 1; opacity: 0.3;\"><\/span>\r\n            <span style=\"color: #ffffff; font-size: 13px; padding: 0 10px; font-family: 'Outfit', sans-serif;\">o contin\u00faa con<\/span>\r\n            <span style=\"height: 1px; background: #ffffff; flex-grow: 1; opacity: 0.3;\"><\/span>\r\n        <\/div>\r\n\r\n        <div id=\"caja-google-esencial\" style=\"display:none;\">\r\n            <div class=\"nsl-container nsl-container-block\" data-align=\"left\"><div class=\"nsl-container-buttons\"><a href=\"https:\/\/aprenly.com\/wp-login.php?loginSocial=google&#038;redirect=https%3A%2F%2Faprenly.com%2Fcheckout%2F%3Fadd-to-cart%3D27019\" rel=\"nofollow\" aria-label=\"Continua con &lt;b&gt;Google&lt;\/b&gt;\" data-plugin=\"nsl\" data-action=\"connect\" data-provider=\"google\" data-popupwidth=\"600\" data-popupheight=\"600\" data-e-disable-page-transition=\"1\"><div class=\"nsl-button nsl-button-default nsl-button-google\" data-skin=\"light\" style=\"background-color:#fff;\"><div class=\"nsl-button-svg-container\"><svg xmlns=\"http:\/\/www.w3.org\/2000\/svg\" width=\"24\" height=\"24\" viewbox=\"0 0 24 24\"><path fill=\"#4285F4\" d=\"M20.64 12.2045c0-.6381-.0573-1.2518-.1636-1.8409H12v3.4814h4.8436c-.2086 1.125-.8427 2.0782-1.7959 2.7164v2.2581h2.9087c1.7018-1.5668 2.6836-3.874 2.6836-6.615z\"><\/path><path fill=\"#34A853\" d=\"M12 21c2.43 0 4.4673-.806 5.9564-2.1805l-2.9087-2.2581c-.8059.54-1.8368.859-3.0477.859-2.344 0-4.3282-1.5831-5.036-3.7104H3.9574v2.3318C5.4382 18.9832 8.4818 21 12 21z\"><\/path><path fill=\"#FBBC05\" d=\"M6.964 13.71c-.18-.54-.2822-1.1168-.2822-1.71s.1023-1.17.2823-1.71V7.9582H3.9573A8.9965 8.9965 0 0 0 3 12c0 1.4523.3477 2.8268.9573 4.0418L6.964 13.71z\"><\/path><path fill=\"#EA4335\" d=\"M12 6.5795c1.3214 0 2.5077.4541 3.4405 1.346l2.5813-2.5814C16.4632 3.8918 14.426 3 12 3 8.4818 3 5.4382 5.0168 3.9573 7.9582L6.964 10.29C7.6718 8.1627 9.6559 6.5795 12 6.5795z\"><\/path><\/svg><\/div><div class=\"nsl-button-label-container\">Continua con <b>Google<\/b><\/div><\/div><\/a><\/div><\/div>\r\n        <\/div>\r\n\r\n        <div id=\"caja-google-premium\" style=\"display:none;\">\r\n            <div class=\"nsl-container nsl-container-block\" data-align=\"left\"><div class=\"nsl-container-buttons\"><a href=\"https:\/\/aprenly.com\/wp-login.php?loginSocial=google&#038;redirect=https%3A%2F%2Faprenly.com%2Fcheckout%2F%3Fadd-to-cart%3D27042\" rel=\"nofollow\" aria-label=\"Continua con &lt;b&gt;Google&lt;\/b&gt;\" data-plugin=\"nsl\" data-action=\"connect\" data-provider=\"google\" data-popupwidth=\"600\" data-popupheight=\"600\" data-e-disable-page-transition=\"1\"><div class=\"nsl-button nsl-button-default nsl-button-google\" data-skin=\"light\" style=\"background-color:#fff;\"><div class=\"nsl-button-svg-container\"><svg xmlns=\"http:\/\/www.w3.org\/2000\/svg\" width=\"24\" height=\"24\" viewbox=\"0 0 24 24\"><path fill=\"#4285F4\" d=\"M20.64 12.2045c0-.6381-.0573-1.2518-.1636-1.8409H12v3.4814h4.8436c-.2086 1.125-.8427 2.0782-1.7959 2.7164v2.2581h2.9087c1.7018-1.5668 2.6836-3.874 2.6836-6.615z\"><\/path><path fill=\"#34A853\" d=\"M12 21c2.43 0 4.4673-.806 5.9564-2.1805l-2.9087-2.2581c-.8059.54-1.8368.859-3.0477.859-2.344 0-4.3282-1.5831-5.036-3.7104H3.9574v2.3318C5.4382 18.9832 8.4818 21 12 21z\"><\/path><path fill=\"#FBBC05\" d=\"M6.964 13.71c-.18-.54-.2822-1.1168-.2822-1.71s.1023-1.17.2823-1.71V7.9582H3.9573A8.9965 8.9965 0 0 0 3 12c0 1.4523.3477 2.8268.9573 4.0418L6.964 13.71z\"><\/path><path fill=\"#EA4335\" d=\"M12 6.5795c1.3214 0 2.5077.4541 3.4405 1.346l2.5813-2.5814C16.4632 3.8918 14.426 3 12 3 8.4818 3 5.4382 5.0168 3.9573 7.9582L6.964 10.29C7.6718 8.1627 9.6559 6.5795 12 6.5795z\"><\/path><\/svg><\/div><div class=\"nsl-button-label-container\">Continua con <b>Google<\/b><\/div><\/div><\/a><\/div><\/div>\r\n        <\/div>\r\n\r\n        <div style=\"margin-top: 20px; text-align: center; font-family: 'Outfit', sans-serif;\">\r\n            <span style=\"color: #ffffff; font-size: 14px;\">\u00bfYa tienes cuenta?<\/span>\r\n            <a href=\"https:\/\/aprenly.com\/es\/iniciar-sesion\/\" style=\"color: #00f39b; font-weight: 700; text-decoration: none; margin-left: 5px;\">Inicia sesi\u00f3n<\/a>\r\n        <\/div>\r\n\r\n    <\/div>\r\n\r\n<\/div>\r\n\r\n<script>\r\njQuery(document).ready(function($) {\r\n\r\n    function inyectarGoogleEnFormulario() {\r\n        \r\n        \/\/ 1. DETECTAR PLAN DE LA URL (Venimos de \/planes\/)\r\n        var params = new URLSearchParams(window.location.search);\r\n        var plan = params.get('plan'); \r\n\r\n        if (plan === 'esencial') {\r\n            $('#caja-google-esencial').show();\r\n            $('#caja-google-premium').hide();\r\n        } else {\r\n            \/\/ Si no hay plan o es premium\r\n            $('#caja-google-esencial').hide();\r\n            $('#caja-google-premium').show();\r\n        }\r\n\r\n        \/\/ 2. MOVER AL FORMULARIO VERDE\r\n        var $formWrapper = $('.elementor-form-fields-wrapper'); \r\n        \r\n        \/\/ Solo movemos si no est\u00e1 ya adentro\r\n        if ($formWrapper.length > 0 && $('#aprenly-google-injector').parent().is('#aprenly-google-source')) {\r\n            $('#aprenly-google-injector').appendTo($formWrapper.parent());\r\n        }\r\n\r\n        \/\/ 3. LIMPIEZA (Ocultar sobrantes)\r\n        $('.nsl-container').each(function() {\r\n            if ($(this).closest('#aprenly-google-injector').length === 0) {\r\n                $(this).hide();\r\n            }\r\n        });\r\n    }\r\n\r\n    inyectarGoogleEnFormulario();\r\n    setTimeout(inyectarGoogleEnFormulario, 500);\r\n    setTimeout(inyectarGoogleEnFormulario, 1500);\r\n});\r\n<\/script>\t\t\t\t<\/div>\n\t\t\t\t<div class=\"elementor-element elementor-element-08ed570 elementor-widget elementor-widget-shortcode\" data-id=\"08ed570\" data-element_type=\"widget\" id=\"btn-google-esencial\" data-widget_type=\"shortcode.default\">\n\t\t\t\t\t\t\t<div class=\"elementor-shortcode\"><div class=\"nsl-container nsl-container-block\" data-align=\"left\"><div class=\"nsl-container-buttons\"><a href=\"https:\/\/aprenly.com\/wp-login.php?loginSocial=google&#038;redirect=https%3A%2F%2Faprenly.com%2Fcheckout%2F%3Fadd-to-cart%3D27019\" rel=\"nofollow\" aria-label=\"Continua con &lt;b&gt;Google&lt;\/b&gt;\" data-plugin=\"nsl\" data-action=\"connect\" data-provider=\"google\" data-popupwidth=\"600\" data-popupheight=\"600\" data-e-disable-page-transition=\"1\"><div class=\"nsl-button nsl-button-default nsl-button-google\" data-skin=\"light\" style=\"background-color:#fff;\"><div class=\"nsl-button-svg-container\"><svg xmlns=\"http:\/\/www.w3.org\/2000\/svg\" width=\"24\" height=\"24\" viewbox=\"0 0 24 24\"><path fill=\"#4285F4\" d=\"M20.64 12.2045c0-.6381-.0573-1.2518-.1636-1.8409H12v3.4814h4.8436c-.2086 1.125-.8427 2.0782-1.7959 2.7164v2.2581h2.9087c1.7018-1.5668 2.6836-3.874 2.6836-6.615z\"><\/path><path fill=\"#34A853\" d=\"M12 21c2.43 0 4.4673-.806 5.9564-2.1805l-2.9087-2.2581c-.8059.54-1.8368.859-3.0477.859-2.344 0-4.3282-1.5831-5.036-3.7104H3.9574v2.3318C5.4382 18.9832 8.4818 21 12 21z\"><\/path><path fill=\"#FBBC05\" d=\"M6.964 13.71c-.18-.54-.2822-1.1168-.2822-1.71s.1023-1.17.2823-1.71V7.9582H3.9573A8.9965 8.9965 0 0 0 3 12c0 1.4523.3477 2.8268.9573 4.0418L6.964 13.71z\"><\/path><path fill=\"#EA4335\" d=\"M12 6.5795c1.3214 0 2.5077.4541 3.4405 1.346l2.5813-2.5814C16.4632 3.8918 14.426 3 12 3 8.4818 3 5.4382 5.0168 3.9573 7.9582L6.964 10.29C7.6718 8.1627 9.6559 6.5795 12 6.5795z\"><\/path><\/svg><\/div><div class=\"nsl-button-label-container\">Continua con <b>Google<\/b><\/div><\/div><\/a><\/div><\/div><\/div>\n\t\t\t\t\t\t<\/div>\n\t\t\t\t<div class=\"elementor-element elementor-element-7ba61c2 elementor-widget elementor-widget-html\" data-id=\"7ba61c2\" data-element_type=\"widget\" data-widget_type=\"html.default\">\n\t\t\t\t\t<script>\r\njQuery(document).ready(function($) {\r\n    \/\/ Definimos el selector para nuestro formulario\r\n    const $form = $('form[name=\"nuevo_registro\"]');\r\n    \r\n    if ($form.length) {\r\n        \/\/ 1. Desactivamos el AJAX al inicio de la carga del DOM.\r\n        $form.attr('data-ajax-submit', 'false'); \r\n        \r\n        \/\/ 2. Anulamos la clase que activa el env\u00edo AJAX de Elementor\r\n        $form.removeClass('elementor-form'); \r\n        \r\n        \/\/ Ahora, adjuntamos la l\u00f3gica de c\u00e1lculo de URL al evento de env\u00edo del formulario\r\n        $form.on('submit', function(e) {\r\n            \r\n            \/\/ Si el formulario ya no usa AJAX, el navegador ejecuta este c\u00f3digo en el env\u00edo.\r\n            const plan = $form.find('input[name=\"form_field_plan_seleccionado\"]').val();\r\n            \r\n            const id_esencial = 27019;\r\n            const id_premium  = 27042;\r\n            const checkout_base_url = window.location.origin + '\/checkout\/';\r\n            \r\n            let final_redirect_url = window.location.origin + '\/mi-cuenta\/'; \r\n            \r\n            if (plan === 'esencial') {\r\n                final_redirect_url = checkout_base_url + '?add-to-cart=' + id_esencial;\r\n            } else if (plan === 'premium') {\r\n                final_redirect_url = checkout_base_url + '?add-to-cart=' + id_premium;\r\n            }\r\n            \r\n            \/\/ Forzamos la URL de destino final y permitimos el env\u00edo tradicional\r\n            $form.attr('action', final_redirect_url);\r\n            \r\n            \/\/ El formulario se enviar\u00e1 de forma tradicional (POST)\r\n        });\r\n    }\r\n});\r\n<\/script>\t\t\t\t<\/div>\n\t\t\t\t<div class=\"elementor-element elementor-element-32f6e9f elementor-widget elementor-widget-text-editor\" data-id=\"32f6e9f\" data-element_type=\"widget\" data-widget_type=\"text-editor.default\">\n\t\t\t\t\t\t\t\t\t<p><a href=\"https:\/\/aprenly.com\/es\/my-account\/lost-password\/\">\u00bfOlvidaste tu contrase\u00f1a?<\/a><\/p>\t\t\t\t\t\t\t\t<\/div>\n\t\t\t\t\t<\/div>\n\t\t\t\t<\/div>\n\t\t\t\t<\/div>","protected":false},"excerpt":{"rendered":"<p>\u00a1Tu mentor\u00eda te est\u00e1 esperando! o contin\u00faa con \u00bfYa tienes cuenta? Inicia sesi\u00f3n \u00bfOlvidaste tu contrase\u00f1a?<\/p>","protected":false},"author":1,"featured_media":0,"parent":0,"menu_order":0,"comment_status":"closed","ping_status":"closed","template":"elementor_header_footer","meta":{"_acf_changed":false,"_monsterinsights_skip_tracking":false,"_monsterinsights_sitenote_active":false,"_monsterinsights_sitenote_note":"","_monsterinsights_sitenote_category":0,"footnotes":""},"class_list":["post-26979","page","type-page","status-publish","hentry"],"acf":[],"_hostinger_reach_plugin_has_subscription_block":false,"_hostinger_reach_plugin_is_elementor":false,"jetpack_sharing_enabled":true,"_links":{"self":[{"href":"https:\/\/aprenly.com\/es\/wp-json\/wp\/v2\/pages\/26979","targetHints":{"allow":["GET"]}}],"collection":[{"href":"https:\/\/aprenly.com\/es\/wp-json\/wp\/v2\/pages"}],"about":[{"href":"https:\/\/aprenly.com\/es\/wp-json\/wp\/v2\/types\/page"}],"author":[{"embeddable":true,"href":"https:\/\/aprenly.com\/es\/wp-json\/wp\/v2\/users\/1"}],"replies":[{"embeddable":true,"href":"https:\/\/aprenly.com\/es\/wp-json\/wp\/v2\/comments?post=26979"}],"version-history":[{"count":167,"href":"https:\/\/aprenly.com\/es\/wp-json\/wp\/v2\/pages\/26979\/revisions"}],"predecessor-version":[{"id":28321,"href":"https:\/\/aprenly.com\/es\/wp-json\/wp\/v2\/pages\/26979\/revisions\/28321"}],"wp:attachment":[{"href":"https:\/\/aprenly.com\/es\/wp-json\/wp\/v2\/media?parent=26979"}],"curies":[{"name":"wp","href":"https:\/\/api.w.org\/{rel}","templated":true}]}}